{"id":1204,"date":"2024-11-22T19:51:07","date_gmt":"2024-11-22T19:51:07","guid":{"rendered":"https:\/\/philomenojr.com.br\/?page_id=1204"},"modified":"2024-11-22T20:03:54","modified_gmt":"2024-11-22T20:03:54","slug":"empresa","status":"publish","type":"page","link":"https:\/\/philomenojr.com.br\/?page_id=1204","title":{"rendered":"EMPRESA"},"content":{"rendered":"\n<div data-aos= \"zoom-in\" data-aos-duration=\"400\" data-aos-delay=\"0\" data-aos-easing=\"ease\" data-aos-once=\"true\" class=\"wp-block-uagb-container uagb-block-c3c03179 alignfull uagb-is-root-container\"><div class=\"uagb-container-inner-blocks-wrap\">\n<div class=\"wp-block-uagb-advanced-heading uagb-block-4f24c44c\"><h1 class=\"uagb-heading-text\">EMPRESA<\/h1><\/div>\n<\/div><\/div>\n\n\n\n<div data-aos= \"zoom-in\" data-aos-duration=\"400\" data-aos-delay=\"0\" data-aos-easing=\"ease\" data-aos-once=\"true\" class=\"wp-block-uagb-container uagb-block-9bf7b24c alignfull uagb-is-root-container\"><div class=\"uagb-container-inner-blocks-wrap\">\n<div class=\"wp-block-uagb-container uagb-block-789fc97c\">\n<div class=\"wp-block-uagb-advanced-heading uagb-block-d0b6ec54\"><h4 class=\"uagb-heading-text\">Fundada em 1983<\/h4><\/div>\n\n\n\n<div data-aos= \"zoom-in\" data-aos-duration=\"400\" data-aos-delay=\"0\" data-aos-easing=\"ease\" data-aos-once=\"true\" class=\"wp-block-uagb-info-box uagb-block-36efc458 uagb-infobox__content-wrap  uagb-infobox-icon-above-title uagb-infobox-image-valign-top\"><div class=\"uagb-ifb-content\"><div class=\"uagb-ifb-image-content\"><img decoding=\"async\" src=\"https:\/\/philomenojr.com.br\/wp-content\/uploads\/2023\/12\/hands2.jpg\" alt=\"\" width=\"\" height=\"0\" loading=\"lazy\"\/><\/div><div class=\"uagb-ifb-title-wrap\"><\/div><\/div><\/div>\n<\/div>\n\n\n\n<div class=\"wp-block-uagb-container uagb-block-f151f48b\">\n<div class=\"wp-block-uagb-advanced-heading uagb-block-127a77ab\"><h4 class=\"uagb-heading-text\">Empresa<\/h4><\/div>\n\n\n\n<p><strong>Empresa de representa\u00e7\u00e3o comercial, fundada em 1983 no Estado do Cear\u00e1, com atua\u00e7\u00e3o em diversos setores da economia, assim como: Constru\u00e7\u00e3o Civil (predial e industrial), Energia, Refrigera\u00e7\u00e3o, Combate a Inc\u00eandio e Seguran\u00e7a Preventiva, G\u00e1s, EPIs e Estruturas, entre outros.<\/strong><strong><br><br>Nossa empresa foi destaque empresarial do ano de 1992 em pesquisa realizada pela empresa PPE &#8211; Publicidade, Promo\u00e7\u00f5es e Eventos.<br><br>Recebemos o destaque em vendas em 2006 pela empresa IN SINK ERATOR, integrante do Grupo Emerson Electric, com entrega do certificado em sua sede de Racine, Chicago, USA.<\/strong><br><br><strong>Eleito Representante Padr\u00e3o pelo CORE-CE &#8211; Conselho dos Representantes Comerciais no Estado do Cear\u00e1, em 2010.<\/strong><br><br><strong>Recebeu a comenda Pl\u00ednio Affonso de Farias Mello do CONFERE &#8211; Conselho Federal dos Representantes Comerciais &#8211; pelos servi\u00e7os prestados em prol da Representa\u00e7\u00e3o Comercial no Brasil em 2023.<\/strong><\/p>\n\n\n\n<p><\/p>\n\n\n\n<p><\/p>\n<\/div>\n<\/div><\/div>\n","protected":false},"excerpt":{"rendered":"<p>EMPRESA Fundada em 1983 Empresa Empresa de representa\u00e7\u00e3o comercial, fundada em 1983 no Estado do Cear\u00e1, com atua\u00e7\u00e3o em diversos setores da economia, assim como: Constru\u00e7\u00e3o Civil (predial e industrial), Energia, Refrigera\u00e7\u00e3o, Combate a Inc\u00eandio e Seguran\u00e7a Preventiva, G\u00e1s, EPIs e Estruturas, entre outros. Nossa empresa foi destaque empresarial do ano de 1992 em pesquisa [&hellip;]<\/p>\n","protected":false},"author":1,"featured_media":0,"parent":0,"menu_order":0,"comment_status":"closed","ping_status":"closed","template":"","meta":{"_uag_custom_page_level_css":"","site-sidebar-layout":"no-sidebar","site-content-layout":"plain-container","ast-site-content-layout":"normal-width-container","site-content-style":"unboxed","site-sidebar-style":"unboxed","ast-global-header-display":"","ast-banner-title-visibility":"","ast-main-header-display":"","ast-hfb-above-header-display":"","ast-hfb-below-header-display":"","ast-hfb-mobile-header-display":"","site-post-title":"disabled","ast-breadcrumbs-content":"","ast-featured-img":"disabled","footer-sml-layout":"","theme-transparent-header-meta":"enabled","adv-header-id-meta":"","stick-header-meta":"","header-above-stick-meta":"","header-main-stick-meta":"","header-below-stick-meta":"","astra-migrate-meta-layouts":"set","ast-page-background-enabled":"default","ast-page-background-meta":{"desktop":{"background-color":"","background-image":"","background-repeat":"repeat","background-position":"center center","background-size":"auto","background-attachment":"scroll","background-type":"","background-media":"","overlay-type":"","overlay-color":"","overlay-opacity":"","overlay-gradient":""},"tablet":{"background-color":"","background-image":"","background-repeat":"repeat","background-position":"center center","background-size":"auto","background-attachment":"scroll","background-type":"","background-media":"","overlay-type":"","overlay-color":"","overlay-opacity":"","overlay-gradient":""},"mobile":{"background-color":"","background-image":"","background-repeat":"repeat","background-position":"center center","background-size":"auto","background-attachment":"scroll","background-type":"","background-media":"","overlay-type":"","overlay-color":"","overlay-opacity":"","overlay-gradient":""}},"ast-content-background-meta":{"desktop":{"background-color":"var(--ast-global-color-5)","background-image":"","background-repeat":"repeat","background-position":"center center","background-size":"auto","background-attachment":"scroll","background-type":"","background-media":"","overlay-type":"","overlay-color":"","overlay-opacity":"","overlay-gradient":""},"tablet":{"background-color":"var(--ast-global-color-5)","background-image":"","background-repeat":"repeat","background-position":"center center","background-size":"auto","background-attachment":"scroll","background-type":"","background-media":"","overlay-type":"","overlay-color":"","overlay-opacity":"","overlay-gradient":""},"mobile":{"background-color":"var(--ast-global-color-5)","background-image":"","background-repeat":"repeat","background-position":"center center","background-size":"auto","background-attachment":"scroll","background-type":"","background-media":"","overlay-type":"","overlay-color":"","overlay-opacity":"","overlay-gradient":""}},"footnotes":""},"class_list":["post-1204","page","type-page","status-publish","hentry"],"uagb_featured_image_src":{"full":false,"thumbnail":false,"medium":false,"medium_large":false,"large":false,"1536x1536":false,"2048x2048":false},"uagb_author_info":{"display_name":"admin","author_link":"https:\/\/philomenojr.com.br\/?author=1"},"uagb_comment_info":0,"uagb_excerpt":"EMPRESA Fundada em 1983 Empresa Empresa de representa\u00e7\u00e3o comercial, fundada em 1983 no Estado do Cear\u00e1, com atua\u00e7\u00e3o em diversos setores da economia, assim como: Constru\u00e7\u00e3o Civil (predial e industrial), Energia, Refrigera\u00e7\u00e3o, Combate a Inc\u00eandio e Seguran\u00e7a Preventiva, G\u00e1s, EPIs e Estruturas, entre outros. Nossa empresa foi destaque empresarial do ano de 1992 em pesquisa&hellip;","_links":{"self":[{"href":"https:\/\/philomenojr.com.br\/index.php?rest_route=\/wp\/v2\/pages\/1204","targetHints":{"allow":["GET"]}}],"collection":[{"href":"https:\/\/philomenojr.com.br\/index.php?rest_route=\/wp\/v2\/pages"}],"about":[{"href":"https:\/\/philomenojr.com.br\/index.php?rest_route=\/wp\/v2\/types\/page"}],"author":[{"embeddable":true,"href":"https:\/\/philomenojr.com.br\/index.php?rest_route=\/wp\/v2\/users\/1"}],"replies":[{"embeddable":true,"href":"https:\/\/philomenojr.com.br\/index.php?rest_route=%2Fwp%2Fv2%2Fcomments&post=1204"}],"version-history":[{"count":5,"href":"https:\/\/philomenojr.com.br\/index.php?rest_route=\/wp\/v2\/pages\/1204\/revisions"}],"predecessor-version":[{"id":1354,"href":"https:\/\/philomenojr.com.br\/index.php?rest_route=\/wp\/v2\/pages\/1204\/revisions\/1354"}],"wp:attachment":[{"href":"https:\/\/philomenojr.com.br\/index.php?rest_route=%2Fwp%2Fv2%2Fmedia&parent=1204"}],"curies":[{"name":"wp","href":"https:\/\/api.w.org\/{rel}","templated":true}]}}