{"id":497,"date":"2020-09-15T10:28:24","date_gmt":"2020-09-15T10:28:24","guid":{"rendered":"https:\/\/teste.philomenojr.com.br\/?page_id=497"},"modified":"2025-09-10T13:28:27","modified_gmt":"2025-09-10T13:28:27","slug":"arquivos","status":"publish","type":"page","link":"https:\/\/philomenojr.com.br\/?page_id=497","title":{"rendered":"CAT\u00c1LOGOS"},"content":{"rendered":"\n<div data-aos= \"zoom-in\" data-aos-duration=\"400\" data-aos-delay=\"0\" data-aos-easing=\"ease\" data-aos-once=\"true\" class=\"wp-block-uagb-container uagb-block-c3c03179 alignfull uagb-is-root-container\"><div class=\"uagb-container-inner-blocks-wrap\">\n<div class=\"wp-block-uagb-advanced-heading uagb-block-4f24c44c\"><h1 class=\"uagb-heading-text\">CAT\u00c1LOGOS<\/h1><\/div>\n<\/div><\/div>\n\n\n\n<div data-aos= \"zoom-in\" data-aos-duration=\"400\" data-aos-delay=\"0\" data-aos-easing=\"ease\" data-aos-once=\"true\" class=\"wp-block-uagb-container uagb-block-9bf7b24c alignfull uagb-is-root-container\"><div class=\"uagb-container-inner-blocks-wrap\">\n<div class=\"wp-block-uagb-container uagb-block-789fc97c\"><\/div>\n<\/div><\/div>\n\n\n\n<p class=\"has-black-color has-text-color has-link-color wp-elements-b7f7e407375d63a1ef16f7ed7517df79\"><strong><a href=\"https:\/\/www.barbidobrasil.com.br\/\" data-type=\"link\" data-id=\"https:\/\/www.barbidobrasil.com.br\/\" target=\"_blank\" rel=\"noreferrer noopener\">BARBI<\/a> <\/strong>Cat\u00e1logos<\/p>\n\n\n\n<figure class=\"wp-block-table\"><table class=\"has-fixed-layout\"><tbody><tr><td class=\"has-text-align-center\" data-align=\"center\"><a href=\"https:\/\/philomenojr.com.br\/wp-content\/uploads\/2024\/11\/BARBI_Catalogo-PEX-Agua-Rev-16.pdf\" data-type=\"link\" data-id=\"https:\/\/philomenojr.com.br\/wp-content\/uploads\/2024\/11\/BARBI_Catalogo-PEX-Agua-Rev-16.pdf\" target=\"_blank\" rel=\"noreferrer noopener\"><img loading=\"lazy\" decoding=\"async\" width=\"150\" height=\"83\" class=\"wp-image-1308\" style=\"width: 150px;\" src=\"https:\/\/philomenojr.com.br\/wp-content\/uploads\/2024\/11\/BARBI001.jpg\" alt=\"\"><\/a><br>Cat\u00e1logo <strong>PEX \u00c1gua<\/strong><\/td><td class=\"has-text-align-center\" data-align=\"center\"><a href=\"https:\/\/philomenojr.com.br\/wp-content\/uploads\/2024\/11\/BARBI_Catalogo-Rayper.pdf\" data-type=\"link\" data-id=\"https:\/\/philomenojr.com.br\/wp-content\/uploads\/2024\/11\/BARBI_Catalogo-Rayper.pdf\" target=\"_blank\" rel=\"noreferrer noopener\"><img loading=\"lazy\" decoding=\"async\" width=\"150\" height=\"83\" class=\"wp-image-1309\" style=\"width: 150px;\" src=\"https:\/\/philomenojr.com.br\/wp-content\/uploads\/2024\/11\/BARBI002.jpg\" alt=\"\"><\/a><br>Cat\u00e1logo <strong>Rayper<\/strong><\/td><\/tr><tr><td class=\"has-text-align-center\" data-align=\"center\"><a href=\"https:\/\/philomenojr.com.br\/wp-content\/uploads\/2024\/11\/BARBI_Folheto-SmartBan.pdf\" data-type=\"link\" data-id=\"https:\/\/philomenojr.com.br\/wp-content\/uploads\/2024\/11\/BARBI_Folheto-SmartBan.pdf\" target=\"_blank\" rel=\"noreferrer noopener\"><img loading=\"lazy\" decoding=\"async\" width=\"150\" height=\"83\" class=\"wp-image-1316\" style=\"width: 150px;\" src=\"https:\/\/philomenojr.com.br\/wp-content\/uploads\/2024\/11\/BARBI003.jpg\" alt=\"\"><\/a><br>Folheto <strong>SmartBan<\/strong><\/td><td class=\"has-text-align-center\" data-align=\"center\"><a href=\"https:\/\/philomenojr.com.br\/wp-content\/uploads\/2024\/11\/BARBI_linha-acessorios.pdf\" data-type=\"link\" data-id=\"https:\/\/philomenojr.com.br\/wp-content\/uploads\/2024\/11\/BARBI_linha-acessorios.pdf\" target=\"_blank\" rel=\"noreferrer noopener\"><img loading=\"lazy\" decoding=\"async\" width=\"150\" height=\"83\" class=\"wp-image-1315\" style=\"width: 150px;\" src=\"https:\/\/philomenojr.com.br\/wp-content\/uploads\/2024\/11\/BARBI004.jpg\" alt=\"\"><\/a><br>Linha <strong>Acess\u00f3rios<\/strong><\/td><\/tr><tr><td class=\"has-text-align-center\" data-align=\"center\"><a href=\"https:\/\/philomenojr.com.br\/wp-content\/uploads\/2024\/11\/BARBI_linha-pex-gas.pdf\" data-type=\"link\" data-id=\"https:\/\/philomenojr.com.br\/wp-content\/uploads\/2024\/11\/BARBI_linha-pex-gas.pdf\" target=\"_blank\" rel=\"noreferrer noopener\"><img loading=\"lazy\" decoding=\"async\" width=\"150\" height=\"83\" class=\"wp-image-1314\" style=\"width: 150px;\" src=\"https:\/\/philomenojr.com.br\/wp-content\/uploads\/2024\/11\/BARBI005.jpg\" alt=\"\"><\/a><br>Linha <strong>PEX G\u00e1s<\/strong><\/td><td class=\"has-text-align-center\" data-align=\"center\"><a href=\"https:\/\/philomenojr.com.br\/wp-content\/uploads\/2024\/11\/BARBI_linha-polvo.pdf\" data-type=\"link\" data-id=\"https:\/\/philomenojr.com.br\/wp-content\/uploads\/2024\/11\/BARBI_linha-polvo.pdf\" target=\"_blank\" rel=\"noreferrer noopener\"><img loading=\"lazy\" decoding=\"async\" width=\"150\" height=\"83\" class=\"wp-image-1313\" style=\"width: 150px;\" src=\"https:\/\/philomenojr.com.br\/wp-content\/uploads\/2024\/11\/BARBI006.jpg\" alt=\"\"><\/a><br>Linha <strong>POLVO<\/strong><\/td><\/tr><\/tbody><\/table><\/figure>\n\n\n\n<p class=\"has-black-color has-text-color has-link-color wp-elements-2a19947b65627836691ed596453450e4\"><strong><a href=\"https:\/\/mocelin.ind.br\/\" data-type=\"link\" data-id=\"https:\/\/mocelin.ind.br\/\" target=\"_blank\" rel=\"noreferrer noopener\">MOCELIN<\/a> <\/strong>Cat\u00e1logos<\/p>\n\n\n\n<figure class=\"wp-block-table\"><table class=\"has-fixed-layout\"><tbody><tr><td class=\"has-text-align-center\" data-align=\"center\"><a href=\"https:\/\/philomenojr.com.br\/wp-content\/uploads\/2024\/11\/MOCELIN_abrigos.pdf\" data-type=\"link\" data-id=\"https:\/\/philomenojr.com.br\/wp-content\/uploads\/2024\/11\/MOCELIN_abrigos.pdf\" target=\"_blank\" rel=\"noreferrer noopener\"><img loading=\"lazy\" decoding=\"async\" width=\"150\" height=\"83\" class=\"wp-image-1322\" style=\"width: 150px;\" src=\"https:\/\/philomenojr.com.br\/wp-content\/uploads\/2024\/11\/mocelim001.jpg\" alt=\"\"><\/a><br><strong>Abrigos<\/strong><\/td><td class=\"has-text-align-center\" data-align=\"center\"><a href=\"https:\/\/philomenojr.com.br\/wp-content\/uploads\/2024\/11\/MOCELIN_acessorios_e_pecas.pdf\" data-type=\"link\" data-id=\"https:\/\/philomenojr.com.br\/wp-content\/uploads\/2024\/11\/MOCELIN_acessorios_e_pecas.pdf\" target=\"_blank\" rel=\"noreferrer noopener\"><img loading=\"lazy\" decoding=\"async\" width=\"150\" height=\"83\" class=\"wp-image-1325\" style=\"width: 150px;\" src=\"https:\/\/philomenojr.com.br\/wp-content\/uploads\/2024\/11\/mocelim002.jpg\" alt=\"\"><\/a><br><strong>Acess\u00f3rios e Pe\u00e7as<\/strong><\/td><\/tr><tr><td class=\"has-text-align-center\" data-align=\"center\"><a href=\"https:\/\/philomenojr.com.br\/wp-content\/uploads\/2024\/11\/MOCELIN_alarrme_de_incendio.pdf\" data-type=\"link\" data-id=\"https:\/\/philomenojr.com.br\/wp-content\/uploads\/2024\/11\/MOCELIN_alarrme_de_incendio.pdf\" target=\"_blank\" rel=\"noreferrer noopener\"><img loading=\"lazy\" decoding=\"async\" width=\"150\" height=\"83\" class=\"wp-image-1327\" style=\"width: 150px;\" src=\"https:\/\/philomenojr.com.br\/wp-content\/uploads\/2024\/11\/mocelim003.jpg\" alt=\"\"><\/a><br><strong>Alarme de Inc\u00eandio<\/strong><\/td><td class=\"has-text-align-center\" data-align=\"center\"><a href=\"https:\/\/philomenojr.com.br\/wp-content\/uploads\/2024\/11\/MOCELIN_extintor_de_incendio.pdf\" data-type=\"link\" data-id=\"https:\/\/philomenojr.com.br\/wp-content\/uploads\/2024\/11\/MOCELIN_extintor_de_incendio.pdf\" target=\"_blank\" rel=\"noreferrer noopener\"><img loading=\"lazy\" decoding=\"async\" width=\"150\" height=\"83\" class=\"wp-image-1329\" style=\"width: 150px;\" src=\"https:\/\/philomenojr.com.br\/wp-content\/uploads\/2024\/11\/mocelim004.jpg\" alt=\"\"><\/a><br><strong>Extintor de Inc\u00eandio<\/strong><\/td><\/tr><tr><td class=\"has-text-align-center\" data-align=\"center\"><a href=\"https:\/\/philomenojr.com.br\/wp-content\/uploads\/2024\/11\/MOCELIN_iluminacao_de_emergencia.pdf\" data-type=\"link\" data-id=\"https:\/\/philomenojr.com.br\/wp-content\/uploads\/2024\/11\/MOCELIN_iluminacao_de_emergencia.pdf\" target=\"_blank\" rel=\"noreferrer noopener\"><img loading=\"lazy\" decoding=\"async\" width=\"150\" height=\"83\" class=\"wp-image-1332\" style=\"width: 150px;\" src=\"https:\/\/philomenojr.com.br\/wp-content\/uploads\/2024\/11\/mocelim005.jpg\" alt=\"\"><\/a><br><strong>Ilumina\u00e7\u00e3o de Emerg\u00eancia<\/strong><\/td><td class=\"has-text-align-center\" data-align=\"center\"><a href=\"https:\/\/philomenojr.com.br\/wp-content\/uploads\/2024\/11\/MOCELIN_linha_GAS.pdf\" data-type=\"link\" data-id=\"https:\/\/philomenojr.com.br\/wp-content\/uploads\/2024\/11\/MOCELIN_linha_GAS.pdf\" target=\"_blank\" rel=\"noreferrer noopener\"><img loading=\"lazy\" decoding=\"async\" width=\"150\" height=\"83\" class=\"wp-image-1334\" style=\"width: 150px;\" src=\"https:\/\/philomenojr.com.br\/wp-content\/uploads\/2024\/11\/mocelim006.jpg\" alt=\"\"><\/a><br>Linha <strong>G\u00c1S<\/strong><\/td><\/tr><tr><td class=\"has-text-align-center\" data-align=\"center\"><a href=\"https:\/\/philomenojr.com.br\/wp-content\/uploads\/2024\/11\/MOCELIN_linha_hidraulica.pdf\" data-type=\"link\" data-id=\"https:\/\/philomenojr.com.br\/wp-content\/uploads\/2024\/11\/MOCELIN_linha_hidraulica.pdf\" target=\"_blank\" rel=\"noreferrer noopener\"><img loading=\"lazy\" decoding=\"async\" width=\"150\" height=\"83\" class=\"wp-image-1336\" style=\"width: 150px;\" src=\"https:\/\/philomenojr.com.br\/wp-content\/uploads\/2024\/11\/mocelim007.jpg\" alt=\"\"><\/a><br>Linha <strong>HIDR\u00c1ULICA<\/strong><\/td><td class=\"has-text-align-center\" data-align=\"center\"><a href=\"https:\/\/philomenojr.com.br\/wp-content\/uploads\/2024\/11\/MOCELIN_mangueira_de_incendio.pdf\" data-type=\"link\" data-id=\"https:\/\/philomenojr.com.br\/wp-content\/uploads\/2024\/11\/MOCELIN_mangueira_de_incendio.pdf\" target=\"_blank\" rel=\"noreferrer noopener\"><img loading=\"lazy\" decoding=\"async\" width=\"150\" height=\"83\" class=\"wp-image-1338\" style=\"width: 150px;\" src=\"https:\/\/philomenojr.com.br\/wp-content\/uploads\/2024\/11\/mocelim008.jpg\" alt=\"\"><\/a><br><strong>Mangueira de Inc\u00eandio<\/strong><\/td><\/tr><tr><td class=\"has-text-align-center\" data-align=\"center\"><a href=\"https:\/\/philomenojr.com.br\/wp-content\/uploads\/2024\/11\/MOCELIN_porta_corta_fogo.pdf\" target=\"_blank\" rel=\"noreferrer noopener\"><img loading=\"lazy\" decoding=\"async\" width=\"150\" height=\"83\" class=\"wp-image-1343\" style=\"width: 150px;\" src=\"https:\/\/philomenojr.com.br\/wp-content\/uploads\/2024\/11\/mocelim009.jpg\" alt=\"\"><\/a><br><strong>Porta Corta-Fogo<\/strong><\/td><td class=\"has-text-align-center\" data-align=\"center\"><a href=\"https:\/\/philomenojr.com.br\/wp-content\/uploads\/2024\/11\/MOCELIN_sinalizacao_de_emergencia.pdf\" data-type=\"link\" data-id=\"https:\/\/philomenojr.com.br\/wp-content\/uploads\/2024\/11\/MOCELIN_sinalizacao_de_emergencia.pdf\" target=\"_blank\" rel=\"noreferrer noopener\"><img loading=\"lazy\" decoding=\"async\" width=\"150\" height=\"83\" class=\"wp-image-1345\" style=\"width: 150px;\" src=\"https:\/\/philomenojr.com.br\/wp-content\/uploads\/2024\/11\/mocelim010.jpg\" alt=\"\"><\/a><br><strong>Sinaliza\u00e7\u00e3o de Emerg\u00eancia<\/strong><\/td><\/tr><\/tbody><\/table><\/figure>\n\n\n\n<p class=\"has-black-color has-text-color has-link-color wp-elements-d554f0251479c97ca7f71ff65aa0d4bb\"><strong><a href=\"https:\/\/www.hidraulicapotenza.com.br\/\" data-type=\"link\" data-id=\"https:\/\/www.hidraulicapotenza.com.br\/\" target=\"_blank\" rel=\"noreferrer noopener\">POTENZA<\/a> <\/strong>Cat\u00e1logos<\/p>\n\n\n\n<figure class=\"wp-block-table\"><table class=\"has-fixed-layout\"><tbody><tr><td class=\"has-text-align-center\" data-align=\"center\"><a href=\"https:\/\/philomenojr.com.br\/wp-content\/uploads\/2024\/11\/POTENZA_CatalogoEluma_ConstrucaoCivil_Abr2017.pdf\" data-type=\"link\" data-id=\"https:\/\/philomenojr.com.br\/wp-content\/uploads\/2024\/11\/POTENZA_CatalogoEluma_ConstrucaoCivil_Abr2017.pdf\" target=\"_blank\" rel=\"noreferrer noopener\"><img loading=\"lazy\" decoding=\"async\" width=\"150\" height=\"83\" class=\"wp-image-1358\" style=\"width: 150px;\" src=\"https:\/\/philomenojr.com.br\/wp-content\/uploads\/2024\/11\/potenza001.jpg\" alt=\"\"><\/a><br>Cat\u00e1logo <strong>Constru\u00e7\u00e3o Civil<\/strong><\/td><td class=\"has-text-align-center\" data-align=\"center\"><a href=\"https:\/\/philomenojr.com.br\/wp-content\/uploads\/2024\/11\/POTENZA_portfolio.pdf\" data-type=\"link\" data-id=\"https:\/\/philomenojr.com.br\/wp-content\/uploads\/2024\/11\/POTENZA_portfolio.pdf\" target=\"_blank\" rel=\"noreferrer noopener\"><img loading=\"lazy\" decoding=\"async\" width=\"150\" height=\"83\" class=\"wp-image-1357\" style=\"width: 150px;\" src=\"https:\/\/philomenojr.com.br\/wp-content\/uploads\/2024\/11\/potenza002.jpg\" alt=\"\"><\/a><br>Potenza <strong>Portf\u00f3lio<\/strong><\/td><\/tr><tr><td class=\"has-text-align-center\" data-align=\"center\"><a href=\"https:\/\/philomenojr.com.br\/wp-content\/uploads\/2024\/11\/POTENZA_protecao_contra_incendio.pdf\" data-type=\"link\" data-id=\"https:\/\/philomenojr.com.br\/wp-content\/uploads\/2024\/11\/POTENZA_protecao_contra_incendio.pdf\" target=\"_blank\" rel=\"noreferrer noopener\"><img loading=\"lazy\" decoding=\"async\" width=\"150\" height=\"83\" class=\"wp-image-1356\" style=\"width: 150px;\" src=\"https:\/\/philomenojr.com.br\/wp-content\/uploads\/2024\/11\/potenza003.jpg\" alt=\"\"><\/a><br><strong>Prote\u00e7\u00e3o Contra Inc\u00eandio<\/strong><\/td><td class=\"has-text-align-center\" data-align=\"center\"><a href=\"https:\/\/philomenojr.com.br\/wp-content\/uploads\/2024\/11\/POTENZA_Sistema_Ranhurado_Viking.pdf\" data-type=\"link\" data-id=\"https:\/\/philomenojr.com.br\/wp-content\/uploads\/2024\/11\/POTENZA_Sistema_Ranhurado_Viking.pdf\" target=\"_blank\" rel=\"noreferrer noopener\"><img loading=\"lazy\" decoding=\"async\" width=\"150\" height=\"83\" class=\"wp-image-1355\" style=\"width: 150px;\" src=\"https:\/\/philomenojr.com.br\/wp-content\/uploads\/2024\/11\/potenza004.jpg\" alt=\"\"><\/a><br><strong>Sistema Ranhurado Viking<\/strong><\/td><\/tr><\/tbody><\/table><\/figure>\n\n\n\n<p class=\"has-black-color has-text-color has-link-color wp-elements-2a4c883037bb981b68ea0bd1677fcdbd\"><strong><a href=\"https:\/\/www.rcmcaboseletricos.com.br\/\" data-type=\"link\" data-id=\"https:\/\/www.rcmcaboseletricos.com.br\/\" target=\"_blank\" rel=\"noreferrer noopener\">CONDUSCABOS<\/a><\/strong> Cat\u00e1logos<\/p>\n\n\n\n<figure class=\"wp-block-table\"><table class=\"has-fixed-layout\"><tbody><tr><td class=\"has-text-align-center\" data-align=\"center\"><a href=\"https:\/\/www.conduscabos.ind.br\/cabo-pp-500v\" data-type=\"link\" data-id=\"https:\/\/www.conduscabos.ind.br\/cabo-pp-500v\" target=\"_blank\" rel=\"noreferrer noopener nofollow\"><img loading=\"lazy\" decoding=\"async\" width=\"150\" height=\"83\" class=\"wp-image-1416\" style=\"width: 150px;\" src=\"https:\/\/philomenojr.com.br\/wp-content\/uploads\/2025\/09\/conduscabos001.jpg\" alt=\"\"><\/a><br>Cabos de Baixa Tens\u00e3o <strong>500V<\/strong><\/td><td class=\"has-text-align-center\" data-align=\"center\"><a href=\"https:\/\/www.conduscabos.ind.br\/p%C3%A1gina-750v\" data-type=\"link\" data-id=\"https:\/\/www.conduscabos.ind.br\/p%C3%A1gina-750v\" target=\"_blank\" rel=\"noreferrer noopener nofollow\"><img loading=\"lazy\" decoding=\"async\" width=\"150\" height=\"83\" class=\"wp-image-1420\" style=\"width: 150px;\" src=\"https:\/\/philomenojr.com.br\/wp-content\/uploads\/2025\/09\/conduscabos002.jpg\" alt=\"\"><\/a><br>Cabos de Baixa Tens\u00e3o <strong>750V<\/strong><\/td><\/tr><tr><td class=\"has-text-align-center\" data-align=\"center\"><a href=\"https:\/\/www.conduscabos.ind.br\/p%C3%A1gina-1kv\" data-type=\"link\" data-id=\"https:\/\/www.conduscabos.ind.br\/p%C3%A1gina-1kv\" target=\"_blank\" rel=\"noreferrer noopener nofollow\"><img loading=\"lazy\" decoding=\"async\" width=\"150\" height=\"83\" class=\"wp-image-1423\" style=\"width: 150px;\" src=\"https:\/\/philomenojr.com.br\/wp-content\/uploads\/2025\/09\/conduscabos003.jpg\" alt=\"\"><\/a><br>Cabos de Baixa Tens\u00e3o <strong>1KV<\/strong><\/td><td class=\"has-text-align-center\" data-align=\"center\"><a href=\"https:\/\/www.conduscabos.ind.br\/p%C3%A1gina-1kva7b522ed\" data-type=\"link\" data-id=\"https:\/\/www.conduscabos.ind.br\/p%C3%A1gina-1kva7b522ed\" target=\"_blank\" rel=\"noreferrer noopener nofollow\"><img loading=\"lazy\" decoding=\"async\" width=\"150\" height=\"83\" class=\"wp-image-1425\" style=\"width: 150px;\" src=\"https:\/\/philomenojr.com.br\/wp-content\/uploads\/2025\/09\/conduscabos004.jpg\" alt=\"\"><\/a><br>Cabo <strong>Paralelo<\/strong><\/td><\/tr><tr><td class=\"has-text-align-center\" data-align=\"center\"><a href=\"https:\/\/www.conduscabos.ind.br\/cabo-de-cobre-nu\" data-type=\"link\" data-id=\"https:\/\/www.conduscabos.ind.br\/cabo-de-cobre-nu\" target=\"_blank\" rel=\"noreferrer noopener nofollow\"><img loading=\"lazy\" decoding=\"async\" width=\"150\" height=\"83\" class=\"wp-image-1427\" style=\"width: 150px;\" src=\"https:\/\/philomenojr.com.br\/wp-content\/uploads\/2025\/09\/conduscabos005.jpg\" alt=\"\"><\/a><br>Cabos de Cobre Nu <strong>(Sem Isola\u00e7\u00e3o)<\/strong><\/td><td class=\"has-text-align-center\" data-align=\"center\"><\/td><\/tr><\/tbody><\/table><\/figure>\n\n\n\n<p class=\"has-black-color has-text-color has-link-color wp-elements-34d337f6aee3ae2e74617681f2e0e9d4\"><strong><a href=\"https:\/\/topfusion.com.br\/\" data-type=\"link\" data-id=\"https:\/\/topfusion.com.br\/\" target=\"_blank\" rel=\"noreferrer noopener\">TOP FUSION<\/a><\/strong> Cat\u00e1logos<\/p>\n\n\n\n<figure class=\"wp-block-table\"><table class=\"has-fixed-layout\"><tbody><tr><td class=\"has-text-align-center\" data-align=\"center\"><a href=\"https:\/\/philomenojr.com.br\/wp-content\/uploads\/2024\/11\/TOPFUSION_Catalogo-TF-AIR-A4-2023-Rev16.pdf\" data-type=\"link\" data-id=\"https:\/\/philomenojr.com.br\/wp-content\/uploads\/2024\/11\/TOPFUSION_Catalogo-TF-AIR-A4-2023-Rev16.pdf\" target=\"_blank\" rel=\"noreferrer noopener\"><img loading=\"lazy\" decoding=\"async\" width=\"150\" height=\"83\" class=\"wp-image-1370\" style=\"width: 150px;\" src=\"https:\/\/philomenojr.com.br\/wp-content\/uploads\/2024\/11\/tf001.jpg\" alt=\"\"><\/a><br>Cat\u00e1logo <strong>AIR<\/strong><\/td><td class=\"has-text-align-center\" data-align=\"center\"><a href=\"https:\/\/philomenojr.com.br\/wp-content\/uploads\/2024\/11\/TOPFUSION_Catalogo-TF-WATER-A4-2023-Rev10.pdf\" data-type=\"link\" data-id=\"https:\/\/philomenojr.com.br\/wp-content\/uploads\/2024\/11\/TOPFUSION_Catalogo-TF-WATER-A4-2023-Rev10.pdf\" target=\"_blank\" rel=\"noreferrer noopener\"><img loading=\"lazy\" decoding=\"async\" width=\"150\" height=\"83\" class=\"wp-image-1367\" style=\"width: 150px;\" src=\"https:\/\/philomenojr.com.br\/wp-content\/uploads\/2024\/11\/tf004.jpg\" alt=\"\"><\/a><br>Cat\u00e1logo <strong>WATER<\/strong><\/td><\/tr><tr><td class=\"has-text-align-center\" data-align=\"center\"><a href=\"https:\/\/philomenojr.com.br\/wp-content\/uploads\/2024\/11\/TOPFUSION_Catalogo-TF-FIRE-A4-2023-Rev8.pdf\" data-type=\"link\" data-id=\"https:\/\/philomenojr.com.br\/wp-content\/uploads\/2024\/11\/TOPFUSION_Catalogo-TF-FIRE-A4-2023-Rev8.pdf\" target=\"_blank\" rel=\"noreferrer noopener\"><img loading=\"lazy\" decoding=\"async\" width=\"150\" height=\"83\" class=\"wp-image-1368\" style=\"width: 150px;\" src=\"https:\/\/philomenojr.com.br\/wp-content\/uploads\/2024\/11\/tf003.jpg\" alt=\"\"><\/a><br>Cat\u00e1logo <strong>FIRE<\/strong><\/td><td class=\"has-text-align-center\" data-align=\"center\"><a href=\"https:\/\/philomenojr.com.br\/wp-content\/uploads\/2024\/11\/TOPFUSION_Catalogo-TF-GAS-A4-2023-Rev00.pdf\" data-type=\"link\" data-id=\"https:\/\/philomenojr.com.br\/wp-content\/uploads\/2024\/11\/TOPFUSION_Catalogo-TF-GAS-A4-2023-Rev00.pdf\" target=\"_blank\" rel=\"noreferrer noopener\"><img loading=\"lazy\" decoding=\"async\" width=\"150\" height=\"83\" class=\"wp-image-1366\" style=\"width: 150px;\" src=\"https:\/\/philomenojr.com.br\/wp-content\/uploads\/2024\/11\/tf005.jpg\" alt=\"\"><\/a><br>Cat\u00e1logo <strong>GAS<\/strong><\/td><\/tr><tr><td class=\"has-text-align-center\" data-align=\"center\"><a href=\"https:\/\/philomenojr.com.br\/wp-content\/uploads\/2024\/11\/TOPFUSION_Catalogo-TF-HIDRO-A4-2023-Rev26.pdf\" data-type=\"link\" data-id=\"https:\/\/philomenojr.com.br\/wp-content\/uploads\/2024\/11\/TOPFUSION_Catalogo-TF-HIDRO-A4-2023-Rev26.pdf\" target=\"_blank\" rel=\"noreferrer noopener\"><img loading=\"lazy\" decoding=\"async\" width=\"150\" height=\"83\" class=\"wp-image-1373\" style=\"width: 150px;\" src=\"https:\/\/philomenojr.com.br\/wp-content\/uploads\/2024\/11\/tf006.jpg\" alt=\"\"><\/a><br>Cat\u00e1logo <strong>HIDRO<\/strong><\/td><td class=\"has-text-align-center\" data-align=\"center\"><a href=\"https:\/\/philomenojr.com.br\/wp-content\/uploads\/2024\/11\/TOPFUSION_Catalogo-TF-VACUUM-A4-2023-Rev8.pdf\" data-type=\"link\" data-id=\"https:\/\/philomenojr.com.br\/wp-content\/uploads\/2024\/11\/TOPFUSION_Catalogo-TF-VACUUM-A4-2023-Rev8.pdf\" target=\"_blank\" rel=\"noreferrer noopener\"><img loading=\"lazy\" decoding=\"async\" width=\"150\" height=\"83\" class=\"wp-image-1372\" style=\"width: 150px;\" src=\"https:\/\/philomenojr.com.br\/wp-content\/uploads\/2024\/11\/tf007.jpg\" alt=\"\"><\/a><br>Cat\u00e1logo <strong>VACUUM<\/strong><\/td><\/tr><tr><td class=\"has-text-align-center\" data-align=\"center\"><a href=\"https:\/\/philomenojr.com.br\/wp-content\/uploads\/2024\/11\/TOPFUSION_Catalogo-TF-FERRAMENTAS-A4-2023-Rev14.pdf\" data-type=\"link\" data-id=\"https:\/\/philomenojr.com.br\/wp-content\/uploads\/2024\/11\/TOPFUSION_Catalogo-TF-FERRAMENTAS-A4-2023-Rev14.pdf\" target=\"_blank\" rel=\"noreferrer noopener\"><img loading=\"lazy\" decoding=\"async\" width=\"150\" height=\"83\" class=\"wp-image-1369\" style=\"width: 150px;\" src=\"https:\/\/philomenojr.com.br\/wp-content\/uploads\/2024\/11\/tf002.jpg\" alt=\"\"><\/a><br>Cat\u00e1logo <strong>FERRAMENTAS<\/strong><\/td><td class=\"has-text-align-center\" data-align=\"center\"><\/td><\/tr><\/tbody><\/table><\/figure>\n\n\n\n<p><\/p>\n","protected":false},"excerpt":{"rendered":"<p>CAT\u00c1LOGOS BARBI Cat\u00e1logos Cat\u00e1logo PEX \u00c1gua Cat\u00e1logo Rayper Folheto SmartBan Linha Acess\u00f3rios Linha PEX G\u00e1s Linha POLVO MOCELIN Cat\u00e1logos Abrigos Acess\u00f3rios e Pe\u00e7as Alarme de Inc\u00eandio Extintor de Inc\u00eandio Ilumina\u00e7\u00e3o de Emerg\u00eancia Linha G\u00c1S Linha HIDR\u00c1ULICA Mangueira de Inc\u00eandio Porta Corta-Fogo Sinaliza\u00e7\u00e3o de Emerg\u00eancia POTENZA Cat\u00e1logos Cat\u00e1logo Constru\u00e7\u00e3o Civil Potenza Portf\u00f3lio Prote\u00e7\u00e3o Contra Inc\u00eandio Sistema [&hellip;]<\/p>\n","protected":false},"author":1,"featured_media":0,"parent":0,"menu_order":0,"comment_status":"closed","ping_status":"closed","template":"","meta":{"_uag_custom_page_level_css":"","site-sidebar-layout":"no-sidebar","site-content-layout":"plain-container","ast-site-content-layout":"normal-width-container","site-content-style":"unboxed","site-sidebar-style":"unboxed","ast-global-header-display":"","ast-banner-title-visibility":"","ast-main-header-display":"","ast-hfb-above-header-display":"","ast-hfb-below-header-display":"","ast-hfb-mobile-header-display":"","site-post-title":"disabled","ast-breadcrumbs-content":"","ast-featured-img":"disabled","footer-sml-layout":"","theme-transparent-header-meta":"enabled","adv-header-id-meta":"","stick-header-meta":"","header-above-stick-meta":"","header-main-stick-meta":"","header-below-stick-meta":"","astra-migrate-meta-layouts":"set","ast-page-background-enabled":"default","ast-page-background-meta":{"desktop":{"background-color":"","background-image":"","background-repeat":"repeat","background-position":"center center","background-size":"auto","background-attachment":"scroll","background-type":"","background-media":"","overlay-type":"","overlay-color":"","overlay-opacity":"","overlay-gradient":""},"tablet":{"background-color":"","background-image":"","background-repeat":"repeat","background-position":"center center","background-size":"auto","background-attachment":"scroll","background-type":"","background-media":"","overlay-type":"","overlay-color":"","overlay-opacity":"","overlay-gradient":""},"mobile":{"background-color":"","background-image":"","background-repeat":"repeat","background-position":"center center","background-size":"auto","background-attachment":"scroll","background-type":"","background-media":"","overlay-type":"","overlay-color":"","overlay-opacity":"","overlay-gradient":""}},"ast-content-background-meta":{"desktop":{"background-color":"var(--ast-global-color-5)","background-image":"","background-repeat":"repeat","background-position":"center center","background-size":"auto","background-attachment":"scroll","background-type":"","background-media":"","overlay-type":"","overlay-color":"","overlay-opacity":"","overlay-gradient":""},"tablet":{"background-color":"var(--ast-global-color-5)","background-image":"","background-repeat":"repeat","background-position":"center center","background-size":"auto","background-attachment":"scroll","background-type":"","background-media":"","overlay-type":"","overlay-color":"","overlay-opacity":"","overlay-gradient":""},"mobile":{"background-color":"var(--ast-global-color-5)","background-image":"","background-repeat":"repeat","background-position":"center center","background-size":"auto","background-attachment":"scroll","background-type":"","background-media":"","overlay-type":"","overlay-color":"","overlay-opacity":"","overlay-gradient":""}},"footnotes":""},"class_list":["post-497","page","type-page","status-publish","hentry"],"uagb_featured_image_src":{"full":false,"thumbnail":false,"medium":false,"medium_large":false,"large":false,"1536x1536":false,"2048x2048":false},"uagb_author_info":{"display_name":"admin","author_link":"https:\/\/philomenojr.com.br\/?author=1"},"uagb_comment_info":0,"uagb_excerpt":"CAT\u00c1LOGOS BARBI Cat\u00e1logos Cat\u00e1logo PEX \u00c1gua Cat\u00e1logo Rayper Folheto SmartBan Linha Acess\u00f3rios Linha PEX G\u00e1s Linha POLVO MOCELIN Cat\u00e1logos Abrigos Acess\u00f3rios e Pe\u00e7as Alarme de Inc\u00eandio Extintor de Inc\u00eandio Ilumina\u00e7\u00e3o de Emerg\u00eancia Linha G\u00c1S Linha HIDR\u00c1ULICA Mangueira de Inc\u00eandio Porta Corta-Fogo Sinaliza\u00e7\u00e3o de Emerg\u00eancia POTENZA Cat\u00e1logos Cat\u00e1logo Constru\u00e7\u00e3o Civil Potenza Portf\u00f3lio Prote\u00e7\u00e3o Contra Inc\u00eandio Sistema&hellip;","_links":{"self":[{"href":"https:\/\/philomenojr.com.br\/index.php?rest_route=\/wp\/v2\/pages\/497","targetHints":{"allow":["GET"]}}],"collection":[{"href":"https:\/\/philomenojr.com.br\/index.php?rest_route=\/wp\/v2\/pages"}],"about":[{"href":"https:\/\/philomenojr.com.br\/index.php?rest_route=\/wp\/v2\/types\/page"}],"author":[{"embeddable":true,"href":"https:\/\/philomenojr.com.br\/index.php?rest_route=\/wp\/v2\/users\/1"}],"replies":[{"embeddable":true,"href":"https:\/\/philomenojr.com.br\/index.php?rest_route=%2Fwp%2Fv2%2Fcomments&post=497"}],"version-history":[{"count":164,"href":"https:\/\/philomenojr.com.br\/index.php?rest_route=\/wp\/v2\/pages\/497\/revisions"}],"predecessor-version":[{"id":1437,"href":"https:\/\/philomenojr.com.br\/index.php?rest_route=\/wp\/v2\/pages\/497\/revisions\/1437"}],"wp:attachment":[{"href":"https:\/\/philomenojr.com.br\/index.php?rest_route=%2Fwp%2Fv2%2Fmedia&parent=497"}],"curies":[{"name":"wp","href":"https:\/\/api.w.org\/{rel}","templated":true}]}}